{"id":2475,"date":"2020-12-09T12:45:00","date_gmt":"2020-12-09T12:45:00","guid":{"rendered":"https:\/\/thebreedersalliance.com\/?page_id=2475"},"modified":"2025-11-16T10:36:22","modified_gmt":"2025-11-16T10:36:22","slug":"accueil","status":"publish","type":"page","link":"https:\/\/thebreedersalliance.com\/index.php\/fr\/accueil\/","title":{"rendered":"Accueil"},"content":{"rendered":"\t\t<div data-elementor-type=\"wp-page\" data-elementor-id=\"2475\" class=\"elementor elementor-2475\" data-elementor-post-type=\"page\">\n\t\t\t\t\t\t<section class=\"elementor-section elementor-top-section elementor-element elementor-element-75b952c animated-slow elementor-section-boxed elementor-section-height-default elementor-section-height-default elementor-invisible\" data-id=\"75b952c\" data-element_type=\"section\" data-e-type=\"section\" data-settings=\"{&quot;background_background&quot;:&quot;classic&quot;,&quot;animation&quot;:&quot;fadeIn&quot;}\">\n\t\t\t\t\t\t\t<div class=\"elementor-background-overlay\"><\/div>\n\t\t\t\t\t\t\t<div class=\"elementor-container elementor-column-gap-default\">\n\t\t\t\t\t<div class=\"elementor-column elementor-col-100 elementor-top-column elementor-element elementor-element-d396985\" data-id=\"d396985\" data-element_type=\"column\" data-e-type=\"column\">\n\t\t\t<div class=\"elementor-widget-wrap elementor-element-populated\">\n\t\t\t\t\t\t<div class=\"elementor-element elementor-element-2f26f68 elementor-widget elementor-widget-spacer\" data-id=\"2f26f68\" data-element_type=\"widget\" data-e-type=\"widget\" data-widget_type=\"spacer.default\">\n\t\t\t\t<div class=\"elementor-widget-container\">\n\t\t\t\t\t\t\t<div class=\"elementor-spacer\">\n\t\t\t<div class=\"elementor-spacer-inner\"><\/div>\n\t\t<\/div>\n\t\t\t\t\t\t<\/div>\n\t\t\t\t<\/div>\n\t\t\t\t<div class=\"elementor-element elementor-element-24119d1 elementor-invisible elementor-widget elementor-widget-image\" data-id=\"24119d1\" data-element_type=\"widget\" data-e-type=\"widget\" data-settings=\"{&quot;_animation&quot;:&quot;pulse&quot;}\" data-widget_type=\"image.default\">\n\t\t\t\t<div class=\"elementor-widget-container\">\n\t\t\t\t\t\t\t\t\t\t\t\t\t\t\t\t<a href=\"https:\/\/thebreedersalliance.com\/\">\n\t\t\t\t\t\t\t<img fetchpriority=\"high\" decoding=\"async\" width=\"406\" height=\"382\" src=\"https:\/\/thebreedersalliance.com\/wp-content\/uploads\/2020\/08\/FINAL-LOGO-with-shadow-02-web.png\" class=\"attachment-large size-large wp-image-814\" alt=\"Breeders&#039; Alliance Logo\" srcset=\"https:\/\/thebreedersalliance.com\/wp-content\/uploads\/2020\/08\/FINAL-LOGO-with-shadow-02-web.png 406w, https:\/\/thebreedersalliance.com\/wp-content\/uploads\/2020\/08\/FINAL-LOGO-with-shadow-02-web-300x282.png 300w\" sizes=\"(max-width: 406px) 100vw, 406px\" \/>\t\t\t\t\t\t\t\t<\/a>\n\t\t\t\t\t\t\t\t\t\t\t\t\t\t\t<\/div>\n\t\t\t\t<\/div>\n\t\t\t\t<div class=\"elementor-element elementor-element-d5bb76f elementor-widget elementor-widget-heading\" data-id=\"d5bb76f\" data-element_type=\"widget\" data-e-type=\"widget\" data-widget_type=\"heading.default\">\n\t\t\t\t<div class=\"elementor-widget-container\">\n\t\t\t\t\t<h2 class=\"elementor-heading-title elementor-size-default\">THE BREEDERS' ALLIANCE co. ltd<\/h2>\t\t\t\t<\/div>\n\t\t\t\t<\/div>\n\t\t\t\t<div class=\"elementor-element elementor-element-41be012c elementor-widget elementor-widget-text-editor\" data-id=\"41be012c\" data-element_type=\"widget\" data-e-type=\"widget\" data-widget_type=\"text-editor.default\">\n\t\t\t\t<div class=\"elementor-widget-container\">\n\t\t\t\t\t\t\t\t\t<p>Nous sommes une organisation qui vise \u00e0 rassembler les titulaires de droits de propri\u00e9t\u00e9 intellectuelle et tout particuli\u00e8rement les titulaires de certificats d\u2019obtention v\u00e9g\u00e9tale, afin de promouvoir une prise de conscience collective quant \u00e0 la protection de ces droits dans l&#8217;ensemble de la cha\u00eene d&#8217;approvisionnement, et pour en arr\u00eater la violation.<\/p>\t\t\t\t\t\t\t\t<\/div>\n\t\t\t\t<\/div>\n\t\t\t\t\t<\/div>\n\t\t<\/div>\n\t\t\t\t\t<\/div>\n\t\t<\/section>\n\t\t\t\t<section class=\"elementor-section elementor-top-section elementor-element elementor-element-770fbda elementor-section-boxed elementor-section-height-default elementor-section-height-default\" data-id=\"770fbda\" data-element_type=\"section\" data-e-type=\"section\">\n\t\t\t\t\t\t<div class=\"elementor-container elementor-column-gap-default\">\n\t\t\t\t\t<div class=\"elementor-column elementor-col-33 elementor-top-column elementor-element elementor-element-2cbb9df6\" data-id=\"2cbb9df6\" data-element_type=\"column\" data-e-type=\"column\">\n\t\t\t<div class=\"elementor-widget-wrap elementor-element-populated\">\n\t\t\t\t\t\t<div class=\"elementor-element elementor-element-61ae0003 elementor-widget elementor-widget-image\" data-id=\"61ae0003\" data-element_type=\"widget\" data-e-type=\"widget\" data-widget_type=\"image.default\">\n\t\t\t\t<div class=\"elementor-widget-container\">\n\t\t\t\t\t\t\t\t\t\t\t\t\t\t\t\t<a href=\"https:\/\/www.sun-world.com\/\">\n\t\t\t\t\t\t\t<img decoding=\"async\" width=\"1050\" height=\"342\" src=\"https:\/\/thebreedersalliance.com\/wp-content\/uploads\/2020\/09\/newsunworld-2020.png\" class=\"elementor-animation-grow attachment-full size-full wp-image-1322\" alt=\"\" srcset=\"https:\/\/thebreedersalliance.com\/wp-content\/uploads\/2020\/09\/newsunworld-2020.png 1050w, https:\/\/thebreedersalliance.com\/wp-content\/uploads\/2020\/09\/newsunworld-2020-300x98.png 300w, https:\/\/thebreedersalliance.com\/wp-content\/uploads\/2020\/09\/newsunworld-2020-1024x334.png 1024w, https:\/\/thebreedersalliance.com\/wp-content\/uploads\/2020\/09\/newsunworld-2020-768x250.png 768w\" sizes=\"(max-width: 1050px) 100vw, 1050px\" \/>\t\t\t\t\t\t\t\t<\/a>\n\t\t\t\t\t\t\t\t\t\t\t\t\t\t\t<\/div>\n\t\t\t\t<\/div>\n\t\t\t\t\t<\/div>\n\t\t<\/div>\n\t\t\t\t<div class=\"elementor-column elementor-col-33 elementor-top-column elementor-element elementor-element-1ef2c92d\" data-id=\"1ef2c92d\" data-element_type=\"column\" data-e-type=\"column\">\n\t\t\t<div class=\"elementor-widget-wrap elementor-element-populated\">\n\t\t\t\t\t\t<div class=\"elementor-element elementor-element-29a74647 elementor-widget elementor-widget-image\" data-id=\"29a74647\" data-element_type=\"widget\" data-e-type=\"widget\" data-widget_type=\"image.default\">\n\t\t\t\t<div class=\"elementor-widget-container\">\n\t\t\t\t\t\t\t\t\t\t\t\t\t\t\t\t<a href=\"https:\/\/www.grapaes.com\">\n\t\t\t\t\t\t\t<img decoding=\"async\" src=\"https:\/\/thebreedersalliance.com\/wp-content\/uploads\/elementor\/thumbs\/Grapa-Global-3-scaled-resbc1ay77cakzgidapnh90unks1egm4xo33bjnqsi.png\" title=\"Grapa Global\" alt=\"Grapa Global\" class=\"elementor-animation-grow\" loading=\"lazy\" \/>\t\t\t\t\t\t\t\t<\/a>\n\t\t\t\t\t\t\t\t\t\t\t\t\t\t\t<\/div>\n\t\t\t\t<\/div>\n\t\t\t\t\t<\/div>\n\t\t<\/div>\n\t\t\t\t<div class=\"elementor-column elementor-col-33 elementor-top-column elementor-element elementor-element-48e1096d\" data-id=\"48e1096d\" data-element_type=\"column\" data-e-type=\"column\">\n\t\t\t<div class=\"elementor-widget-wrap elementor-element-populated\">\n\t\t\t\t\t\t<div class=\"elementor-element elementor-element-3a48bf1b elementor-widget elementor-widget-image\" data-id=\"3a48bf1b\" data-element_type=\"widget\" data-e-type=\"widget\" data-widget_type=\"image.default\">\n\t\t\t\t<div class=\"elementor-widget-container\">\n\t\t\t\t\t\t\t\t\t\t\t\t\t\t\t\t<a href=\"http:\/\/www.bloomfreshglobal.com\">\n\t\t\t\t\t\t\t<img decoding=\"async\" width=\"2000\" height=\"653\" src=\"https:\/\/thebreedersalliance.com\/wp-content\/uploads\/2023\/11\/BLO001-LOGO-RGB_Mesa-de-trabajo-1-e1699258602223.png\" class=\"elementor-animation-grow attachment-full size-full wp-image-3876\" alt=\"\" \/>\t\t\t\t\t\t\t\t<\/a>\n\t\t\t\t\t\t\t\t\t\t\t\t\t\t\t<\/div>\n\t\t\t\t<\/div>\n\t\t\t\t\t<\/div>\n\t\t<\/div>\n\t\t\t\t\t<\/div>\n\t\t<\/section>\n\t\t\t\t<section class=\"elementor-section elementor-top-section elementor-element elementor-element-7773cae elementor-section-boxed elementor-section-height-default elementor-section-height-default\" data-id=\"7773cae\" data-element_type=\"section\" data-e-type=\"section\" data-settings=\"{&quot;background_background&quot;:&quot;classic&quot;}\">\n\t\t\t\t\t\t\t<div class=\"elementor-background-overlay\"><\/div>\n\t\t\t\t\t\t\t<div class=\"elementor-container elementor-column-gap-default\">\n\t\t\t\t\t<div class=\"elementor-column elementor-col-100 elementor-top-column elementor-element elementor-element-5cbb4b9\" data-id=\"5cbb4b9\" data-element_type=\"column\" data-e-type=\"column\">\n\t\t\t<div class=\"elementor-widget-wrap elementor-element-populated\">\n\t\t\t\t\t\t<div class=\"elementor-element elementor-element-b9b1252 elementor-widget elementor-widget-spacer\" data-id=\"b9b1252\" data-element_type=\"widget\" data-e-type=\"widget\" data-widget_type=\"spacer.default\">\n\t\t\t\t<div class=\"elementor-widget-container\">\n\t\t\t\t\t\t\t<div class=\"elementor-spacer\">\n\t\t\t<div class=\"elementor-spacer-inner\"><\/div>\n\t\t<\/div>\n\t\t\t\t\t\t<\/div>\n\t\t\t\t<\/div>\n\t\t\t\t\t<\/div>\n\t\t<\/div>\n\t\t\t\t\t<\/div>\n\t\t<\/section>\n\t\t\t\t<\/div>\n\t\t","protected":false},"excerpt":{"rendered":"<p>THE BREEDERS&#8217; ALLIANCE co. ltd Nous sommes une organisation qui vise \u00e0 rassembler les titulaires de droits de propri\u00e9t\u00e9 intellectuelle et tout particuli\u00e8rement les titulaires de certificats d\u2019obtention v\u00e9g\u00e9tale, afin de promouvoir une prise de conscience collective quant \u00e0 la protection de ces droits dans l&#8217;ensemble de la cha\u00eene d&#8217;approvisionnement, et pour en arr\u00eater la [&hellip;]<\/p>\n","protected":false},"author":1,"featured_media":0,"parent":0,"menu_order":0,"comment_status":"closed","ping_status":"closed","template":"elementor_header_footer","meta":{"_monsterinsights_skip_tracking":false,"_monsterinsights_sitenote_active":false,"_monsterinsights_sitenote_note":"","_monsterinsights_sitenote_category":0,"ocean_post_layout":"full-screen","ocean_both_sidebars_style":"","ocean_both_sidebars_content_width":0,"ocean_both_sidebars_sidebars_width":0,"ocean_sidebar":"0","ocean_second_sidebar":"0","ocean_disable_margins":"enable","ocean_add_body_class":"","ocean_shortcode_before_top_bar":"","ocean_shortcode_after_top_bar":"","ocean_shortcode_before_header":"","ocean_shortcode_after_header":"","ocean_has_shortcode":"","ocean_shortcode_after_title":"","ocean_shortcode_before_footer_widgets":"","ocean_shortcode_after_footer_widgets":"","ocean_shortcode_before_footer_bottom":"","ocean_shortcode_after_footer_bottom":"","ocean_display_top_bar":"off","ocean_display_header":"default","ocean_header_style":"custom","ocean_center_header_left_menu":"0","ocean_custom_header_template":"2485","ocean_custom_logo":0,"ocean_custom_retina_logo":0,"ocean_custom_logo_max_width":0,"ocean_custom_logo_tablet_max_width":0,"ocean_custom_logo_mobile_max_width":0,"ocean_custom_logo_max_height":0,"ocean_custom_logo_tablet_max_height":0,"ocean_custom_logo_mobile_max_height":0,"ocean_header_custom_menu":"0","ocean_menu_typo_font_family":"0","ocean_menu_typo_font_subset":"","ocean_menu_typo_font_size":0,"ocean_menu_typo_font_size_tablet":0,"ocean_menu_typo_font_size_mobile":0,"ocean_menu_typo_font_size_unit":"px","ocean_menu_typo_font_weight":"","ocean_menu_typo_font_weight_tablet":"","ocean_menu_typo_font_weight_mobile":"","ocean_menu_typo_transform":"","ocean_menu_typo_transform_tablet":"","ocean_menu_typo_transform_mobile":"","ocean_menu_typo_line_height":0,"ocean_menu_typo_line_height_tablet":0,"ocean_menu_typo_line_height_mobile":0,"ocean_menu_typo_line_height_unit":"","ocean_menu_typo_spacing":0,"ocean_menu_typo_spacing_tablet":0,"ocean_menu_typo_spacing_mobile":0,"ocean_menu_typo_spacing_unit":"","ocean_menu_link_color":"","ocean_menu_link_color_hover":"","ocean_menu_link_color_active":"","ocean_menu_link_background":"","ocean_menu_link_hover_background":"","ocean_menu_link_active_background":"","ocean_menu_social_links_bg":"","ocean_menu_social_hover_links_bg":"","ocean_menu_social_links_color":"","ocean_menu_social_hover_links_color":"","ocean_disable_title":"on","ocean_disable_heading":"default","ocean_post_title":"","ocean_post_subheading":"","ocean_post_title_style":"","ocean_post_title_background_color":"","ocean_post_title_background":0,"ocean_post_title_bg_image_position":"","ocean_post_title_bg_image_attachment":"","ocean_post_title_bg_image_repeat":"","ocean_post_title_bg_image_size":"","ocean_post_title_height":0,"ocean_post_title_bg_overlay":0.5,"ocean_post_title_bg_overlay_color":"","ocean_disable_breadcrumbs":"default","ocean_breadcrumbs_color":"","ocean_breadcrumbs_separator_color":"","ocean_breadcrumbs_links_color":"","ocean_breadcrumbs_links_hover_color":"","ocean_display_footer_widgets":"default","ocean_display_footer_bottom":"off","ocean_custom_footer_template":"2490","footnotes":""},"wf_page_folders":[186],"class_list":["post-2475","page","type-page","status-publish","hentry","entry"],"yoast_head":"<!-- This site is optimized with the Yoast SEO plugin v27.4 - https:\/\/yoast.com\/product\/yoast-seo-wordpress\/ -->\n<title>Accueil - The Breeders&#039; Alliance<\/title>\n<meta name=\"description\" content=\"The Breeder\u2019s Alliance is an organization founded by the world\u2019s top fruit breeders, to stop infringement of Intellectual Propriety Rights.\" \/>\n<meta name=\"robots\" content=\"index, follow, max-snippet:-1, max-image-preview:large, max-video-preview:-1\" \/>\n<link rel=\"canonical\" href=\"https:\/\/thebreedersalliance.com\/index.php\/fr\/accueil\/\" \/>\n<meta property=\"og:locale\" content=\"en_US\" \/>\n<meta property=\"og:type\" content=\"article\" \/>\n<meta property=\"og:title\" content=\"Accueil - The Breeders&#039; Alliance\" \/>\n<meta property=\"og:description\" content=\"The Breeder\u2019s Alliance is an organization founded by the world\u2019s top fruit breeders, to stop infringement of Intellectual Propriety Rights.\" \/>\n<meta property=\"og:url\" content=\"https:\/\/thebreedersalliance.com\/index.php\/fr\/accueil\/\" \/>\n<meta property=\"og:site_name\" content=\"The Breeders&#039; Alliance\" \/>\n<meta property=\"article:modified_time\" content=\"2025-11-16T10:36:22+00:00\" \/>\n<meta property=\"og:image\" content=\"https:\/\/thebreedersalliance.com\/wp-content\/uploads\/2020\/08\/FINAL-LOGO-with-shadow-02-web.png\" \/>\n\t<meta property=\"og:image:width\" content=\"406\" \/>\n\t<meta property=\"og:image:height\" content=\"382\" \/>\n\t<meta property=\"og:image:type\" content=\"image\/png\" \/>\n<meta name=\"twitter:card\" content=\"summary_large_image\" \/>\n<meta name=\"twitter:label1\" content=\"Est. reading time\" \/>\n\t<meta name=\"twitter:data1\" content=\"2 minutes\" \/>\n<script type=\"application\/ld+json\" class=\"yoast-schema-graph\">{\"@context\":\"https:\\\/\\\/schema.org\",\"@graph\":[{\"@type\":\"WebPage\",\"@id\":\"https:\\\/\\\/thebreedersalliance.com\\\/index.php\\\/fr\\\/accueil\\\/\",\"url\":\"https:\\\/\\\/thebreedersalliance.com\\\/index.php\\\/fr\\\/accueil\\\/\",\"name\":\"Accueil - The Breeders&#039; Alliance\",\"isPartOf\":{\"@id\":\"https:\\\/\\\/thebreedersalliance.com\\\/#website\"},\"primaryImageOfPage\":{\"@id\":\"https:\\\/\\\/thebreedersalliance.com\\\/index.php\\\/fr\\\/accueil\\\/#primaryimage\"},\"image\":{\"@id\":\"https:\\\/\\\/thebreedersalliance.com\\\/index.php\\\/fr\\\/accueil\\\/#primaryimage\"},\"thumbnailUrl\":\"https:\\\/\\\/thebreedersalliance.com\\\/wp-content\\\/uploads\\\/2020\\\/08\\\/FINAL-LOGO-with-shadow-02-web.png\",\"datePublished\":\"2020-12-09T12:45:00+00:00\",\"dateModified\":\"2025-11-16T10:36:22+00:00\",\"description\":\"The Breeder\u2019s Alliance is an organization founded by the world\u2019s top fruit breeders, to stop infringement of Intellectual Propriety Rights.\",\"breadcrumb\":{\"@id\":\"https:\\\/\\\/thebreedersalliance.com\\\/index.php\\\/fr\\\/accueil\\\/#breadcrumb\"},\"inLanguage\":\"en-US\",\"potentialAction\":[{\"@type\":\"ReadAction\",\"target\":[\"https:\\\/\\\/thebreedersalliance.com\\\/index.php\\\/fr\\\/accueil\\\/\"]}]},{\"@type\":\"ImageObject\",\"inLanguage\":\"en-US\",\"@id\":\"https:\\\/\\\/thebreedersalliance.com\\\/index.php\\\/fr\\\/accueil\\\/#primaryimage\",\"url\":\"https:\\\/\\\/thebreedersalliance.com\\\/wp-content\\\/uploads\\\/2020\\\/08\\\/FINAL-LOGO-with-shadow-02-web.png\",\"contentUrl\":\"https:\\\/\\\/thebreedersalliance.com\\\/wp-content\\\/uploads\\\/2020\\\/08\\\/FINAL-LOGO-with-shadow-02-web.png\",\"width\":406,\"height\":382,\"caption\":\"Breeders' Alliance Logo\"},{\"@type\":\"BreadcrumbList\",\"@id\":\"https:\\\/\\\/thebreedersalliance.com\\\/index.php\\\/fr\\\/accueil\\\/#breadcrumb\",\"itemListElement\":[{\"@type\":\"ListItem\",\"position\":1,\"name\":\"Home\",\"item\":\"https:\\\/\\\/thebreedersalliance.com\\\/\"},{\"@type\":\"ListItem\",\"position\":2,\"name\":\"Accueil\"}]},{\"@type\":\"WebSite\",\"@id\":\"https:\\\/\\\/thebreedersalliance.com\\\/#website\",\"url\":\"https:\\\/\\\/thebreedersalliance.com\\\/\",\"name\":\"The Breeders&#039; Alliance\",\"description\":\"Variety Protection\",\"potentialAction\":[{\"@type\":\"SearchAction\",\"target\":{\"@type\":\"EntryPoint\",\"urlTemplate\":\"https:\\\/\\\/thebreedersalliance.com\\\/?s={search_term_string}\"},\"query-input\":{\"@type\":\"PropertyValueSpecification\",\"valueRequired\":true,\"valueName\":\"search_term_string\"}}],\"inLanguage\":\"en-US\"}]}<\/script>\n<!-- \/ Yoast SEO plugin. -->","yoast_head_json":{"title":"Accueil - The Breeders&#039; Alliance","description":"The Breeder\u2019s Alliance is an organization founded by the world\u2019s top fruit breeders, to stop infringement of Intellectual Propriety Rights.","robots":{"index":"index","follow":"follow","max-snippet":"max-snippet:-1","max-image-preview":"max-image-preview:large","max-video-preview":"max-video-preview:-1"},"canonical":"https:\/\/thebreedersalliance.com\/index.php\/fr\/accueil\/","og_locale":"en_US","og_type":"article","og_title":"Accueil - The Breeders&#039; Alliance","og_description":"The Breeder\u2019s Alliance is an organization founded by the world\u2019s top fruit breeders, to stop infringement of Intellectual Propriety Rights.","og_url":"https:\/\/thebreedersalliance.com\/index.php\/fr\/accueil\/","og_site_name":"The Breeders&#039; Alliance","article_modified_time":"2025-11-16T10:36:22+00:00","og_image":[{"width":406,"height":382,"url":"https:\/\/thebreedersalliance.com\/wp-content\/uploads\/2020\/08\/FINAL-LOGO-with-shadow-02-web.png","type":"image\/png"}],"twitter_card":"summary_large_image","twitter_misc":{"Est. reading time":"2 minutes"},"schema":{"@context":"https:\/\/schema.org","@graph":[{"@type":"WebPage","@id":"https:\/\/thebreedersalliance.com\/index.php\/fr\/accueil\/","url":"https:\/\/thebreedersalliance.com\/index.php\/fr\/accueil\/","name":"Accueil - The Breeders&#039; Alliance","isPartOf":{"@id":"https:\/\/thebreedersalliance.com\/#website"},"primaryImageOfPage":{"@id":"https:\/\/thebreedersalliance.com\/index.php\/fr\/accueil\/#primaryimage"},"image":{"@id":"https:\/\/thebreedersalliance.com\/index.php\/fr\/accueil\/#primaryimage"},"thumbnailUrl":"https:\/\/thebreedersalliance.com\/wp-content\/uploads\/2020\/08\/FINAL-LOGO-with-shadow-02-web.png","datePublished":"2020-12-09T12:45:00+00:00","dateModified":"2025-11-16T10:36:22+00:00","description":"The Breeder\u2019s Alliance is an organization founded by the world\u2019s top fruit breeders, to stop infringement of Intellectual Propriety Rights.","breadcrumb":{"@id":"https:\/\/thebreedersalliance.com\/index.php\/fr\/accueil\/#breadcrumb"},"inLanguage":"en-US","potentialAction":[{"@type":"ReadAction","target":["https:\/\/thebreedersalliance.com\/index.php\/fr\/accueil\/"]}]},{"@type":"ImageObject","inLanguage":"en-US","@id":"https:\/\/thebreedersalliance.com\/index.php\/fr\/accueil\/#primaryimage","url":"https:\/\/thebreedersalliance.com\/wp-content\/uploads\/2020\/08\/FINAL-LOGO-with-shadow-02-web.png","contentUrl":"https:\/\/thebreedersalliance.com\/wp-content\/uploads\/2020\/08\/FINAL-LOGO-with-shadow-02-web.png","width":406,"height":382,"caption":"Breeders' Alliance Logo"},{"@type":"BreadcrumbList","@id":"https:\/\/thebreedersalliance.com\/index.php\/fr\/accueil\/#breadcrumb","itemListElement":[{"@type":"ListItem","position":1,"name":"Home","item":"https:\/\/thebreedersalliance.com\/"},{"@type":"ListItem","position":2,"name":"Accueil"}]},{"@type":"WebSite","@id":"https:\/\/thebreedersalliance.com\/#website","url":"https:\/\/thebreedersalliance.com\/","name":"The Breeders&#039; Alliance","description":"Variety Protection","potentialAction":[{"@type":"SearchAction","target":{"@type":"EntryPoint","urlTemplate":"https:\/\/thebreedersalliance.com\/?s={search_term_string}"},"query-input":{"@type":"PropertyValueSpecification","valueRequired":true,"valueName":"search_term_string"}}],"inLanguage":"en-US"}]}},"_links":{"self":[{"href":"https:\/\/thebreedersalliance.com\/index.php\/wp-json\/wp\/v2\/pages\/2475","targetHints":{"allow":["GET"]}}],"collection":[{"href":"https:\/\/thebreedersalliance.com\/index.php\/wp-json\/wp\/v2\/pages"}],"about":[{"href":"https:\/\/thebreedersalliance.com\/index.php\/wp-json\/wp\/v2\/types\/page"}],"author":[{"embeddable":true,"href":"https:\/\/thebreedersalliance.com\/index.php\/wp-json\/wp\/v2\/users\/1"}],"replies":[{"embeddable":true,"href":"https:\/\/thebreedersalliance.com\/index.php\/wp-json\/wp\/v2\/comments?post=2475"}],"version-history":[{"count":6,"href":"https:\/\/thebreedersalliance.com\/index.php\/wp-json\/wp\/v2\/pages\/2475\/revisions"}],"predecessor-version":[{"id":5219,"href":"https:\/\/thebreedersalliance.com\/index.php\/wp-json\/wp\/v2\/pages\/2475\/revisions\/5219"}],"wp:attachment":[{"href":"https:\/\/thebreedersalliance.com\/index.php\/wp-json\/wp\/v2\/media?parent=2475"}],"wp:term":[{"taxonomy":"wf_page_folders","embeddable":true,"href":"https:\/\/thebreedersalliance.com\/index.php\/wp-json\/wp\/v2\/wf_page_folders?post=2475"}],"curies":[{"name":"wp","href":"https:\/\/api.w.org\/{rel}","templated":true}]}}